{"id":2,"date":"2009-02-24T15:26:26","date_gmt":"2009-02-24T08:26:26","guid":{"rendered":"http:\/\/ladypenh.com\/proceskhmersrouges\/?page_id=2"},"modified":"2016-02-02T12:27:13","modified_gmt":"2016-02-02T05:27:13","slug":"a-propos","status":"publish","type":"page","link":"https:\/\/proceskhmersrouges.net\/?page_id=2","title":{"rendered":"\u00c0 propos"},"content":{"rendered":"<p><em>Janvier 2016<\/em><\/p>\n<p>&nbsp;<\/p>\n<p>Ce blog est n\u00e9 en 2009, alors que d\u00e9butait \u00e0 Phnom Penh le premier proc\u00e8s (parrain\u00e9 par les Nations unies) d\u2019un ancien haut responsable khmer rouge\u00a0: Duch, directeur de la prison S21.<\/p>\n<p>Mon objectif \u00e9tait alors de garder des traces d&rsquo;un proc\u00e8s \u00e0 bien des \u00e9gards historique et de raconter le quotidien du tribunal, ses audiences, avec leurs rebondissements, leurs moments d\u2019\u00e9motion, leur impact ainsi que les nombreuses interrogations qu\u2019elles suscitaient.<\/p>\n<p>J\u2019ai aussi voulu ce blog pour explorer l\u2019histoire v\u00e9cue par les Cambodgiens et comprendre ce qu\u2019un tel processus judiciaire changerait pour eux.<\/p>\n<p>&nbsp;<\/p>\n<p>Suivre ce proc\u00e8s et en restituer certains pans fut une exp\u00e9rience \u00e0 la fois passionnante, stimulante et \u00e9puisante. Il m\u2019\u00e9tait impossible de poursuivre dans ces conditions sur le tr\u00e8s long cas 002, le proc\u00e8s de Nuon Chea et Khieu Samphan, toujours en cours.<\/p>\n<p>Le proc\u00e8s de Duch a cependant fait na\u00eetre en moi l\u2019envie d\u2019approfondir ma connaissance de S21, sur la base du mat\u00e9riau et des questions accumul\u00e9s pendant les journ\u00e9es d\u2019audience.<\/p>\n<p>Ainsi me voil\u00e0 aujourd\u2019hui explorant le quotidien de S21 entre 1975 et 1979 dans le cadre d\u2019une th\u00e8se en anthropologie (EHESS). Il \u00e9tait donc naturel pour moi d\u2019associer mon blog \u00e0 mon travail de recherche, de lui redonner vie, \u00e0 t\u00e2tons, sans bien savoir o\u00f9 tout cela me conduira. Nous conduira, devrais-je plut\u00f4t \u00e9crire. Car j\u2019aimerais que ce blog soit un lieu d\u2019\u00e9changes, de discussion, o\u00f9 j\u2019esp\u00e8re vivement vous lire, vous aussi.<\/p>\n<p>&nbsp;<\/p>\n<p>Anne-Laure Por\u00e9e<\/p>\n<p>&nbsp;<\/p>\n<p>&nbsp;<\/p>\n<p>&nbsp;<\/p>\n<p>Deux anges gardiens \u00e9paulent ce projet de blog depuis le d\u00e9but\u00a0:<\/p>\n<p><strong>Clotilde Eav<\/strong>, \u00e0 qui je dois le graphisme et moult conseils judicieux<\/p>\n<p><em>clotilde.eav@gmail.com<\/em><\/p>\n<p><strong>Dominique Eav<\/strong>, le ma\u00eetre de la technique, zen en toutes circonstances<\/p>\n<p><em>dom.eav@gmail.com<\/em><\/p>\n","protected":false},"excerpt":{"rendered":"<p>Janvier 2016 &nbsp; Ce blog est n\u00e9 en 2009, alors que d\u00e9butait \u00e0 Phnom Penh le premier proc\u00e8s (parrain\u00e9 par les Nations unies) d\u2019un ancien haut responsable khmer rouge\u00a0: Duch, directeur de la prison S21. Mon objectif \u00e9tait alors de garder des traces d&rsquo;un proc\u00e8s \u00e0 bien des \u00e9gards historique et de raconter le quotidien &hellip; <\/p>\n<p class=\"link-more\"><a href=\"https:\/\/proceskhmersrouges.net\/?page_id=2\" class=\"more-link\">Continuer la lecture<span class=\"screen-reader-text\"> de &laquo;&nbsp;\u00c0 propos&nbsp;&raquo;<\/span><\/a><\/p>\n","protected":false},"author":1,"featured_media":0,"parent":0,"menu_order":0,"comment_status":"open","ping_status":"open","template":"","meta":[],"_links":{"self":[{"href":"https:\/\/proceskhmersrouges.net\/index.php?rest_route=\/wp\/v2\/pages\/2"}],"collection":[{"href":"https:\/\/proceskhmersrouges.net\/index.php?rest_route=\/wp\/v2\/pages"}],"about":[{"href":"https:\/\/proceskhmersrouges.net\/index.php?rest_route=\/wp\/v2\/types\/page"}],"author":[{"embeddable":true,"href":"https:\/\/proceskhmersrouges.net\/index.php?rest_route=\/wp\/v2\/users\/1"}],"replies":[{"embeddable":true,"href":"https:\/\/proceskhmersrouges.net\/index.php?rest_route=%2Fwp%2Fv2%2Fcomments&post=2"}],"version-history":[{"count":9,"href":"https:\/\/proceskhmersrouges.net\/index.php?rest_route=\/wp\/v2\/pages\/2\/revisions"}],"predecessor-version":[{"id":1793,"href":"https:\/\/proceskhmersrouges.net\/index.php?rest_route=\/wp\/v2\/pages\/2\/revisions\/1793"}],"wp:attachment":[{"href":"https:\/\/proceskhmersrouges.net\/index.php?rest_route=%2Fwp%2Fv2%2Fmedia&parent=2"}],"curies":[{"name":"wp","href":"https:\/\/api.w.org\/{rel}","templated":true}]}}